{"id":1581,"date":"2021-01-16T11:40:54","date_gmt":"2021-01-16T11:40:54","guid":{"rendered":"https:\/\/stage.startertemplatecloud.com\/g07\/?page_id=1581"},"modified":"2026-03-18T07:58:08","modified_gmt":"2026-03-18T07:58:08","slug":"home","status":"publish","type":"page","link":"https:\/\/www.ssyub.org.tr\/en\/","title":{"rendered":"Home"},"content":{"rendered":"<style id=\"kb-rowlayout_d30185-b3\">#kt-layout-id_d30185-b3{background-image:url('https:\/\/www.ssyub.org.tr\/wp-content\/uploads\/2022\/12\/IMG_2163-scaled.jpg');background-size:cover;background-position:47% 65%;background-attachment:scroll;background-repeat:no-repeat;}#kt-layout-id_d30185-b3 > .kt-row-column-wrap{padding-top:0px;padding-bottom:0px;padding-left:0px;padding-right:0px;min-height:150px;max-width:1140px;margin-left:auto;margin-right:auto;}#kt-layout-id_d30185-b3 > .kt-row-layout-overlay{opacity:0.01;background-image:linear-gradient(45deg, var(--global-palette1, #3182CE) 50%, var(--global-palette2, #2B6CB0) 100%);mix-blend-mode:normal;}@media all and (max-width: 1024px){#kt-layout-id_d30185-b3 > .kt-row-column-wrap{min-height:100px;}}@media all and (max-width: 767px){#kt-layout-id_d30185-b3 > .kt-row-column-wrap{min-height:75px;}}<\/style>\n<div class=\"wp-block-kadence-rowlayout alignnone\"><div id=\"kt-layout-id_d30185-b3\" class=\"kt-row-layout-inner kt-row-has-bg kt-layout-id_d30185-b3 has-theme-palette-9-background-color\" style=\"background-image:url(https:\/\/www.ssyub.org.tr\/wp-content\/uploads\/2022\/12\/IMG_2163-scaled.jpg)\"><div class=\"kt-row-layout-overlay kt-row-overlay-gradient\"><\/div><div class=\"kt-row-column-wrap kt-has-1-columns kt-gutter-none kt-v-gutter-default kt-row-valign-top kt-row-layout-equal kt-tab-layout-inherit kt-m-colapse-left-to-right kt-mobile-layout-row\"><style id=\"kb-column_639975-bc\">.kadence-column_639975-bc > .kt-inside-inner-col{min-height:496px;padding-top:0px;padding-bottom:0px;padding-left:0px;padding-right:0px;}.wp-block-kadence-column.kadence-column_639975-bc > .kt-inside-inner-col{margin-top:0px;margin-bottom:0px;margin-right:0px;margin-left:0px;}<\/style>\n<div class=\"wp-block-kadence-column inner-column-1 kadence-column_639975-bc\"><div class=\"kt-inside-inner-col\"><style id=\"kb-rowlayout_6389cb-01\">#kt-layout-id_6389cb-01 > .kt-row-column-wrap.kb-theme-content-width{max-width:1170px;}.kt-layout-id_6389cb-01 > .kb-theme-content-width{padding-left:var(--global-content-edge-padding);padding-right:var(--global-content-edge-padding);}#kt-layout-id_6389cb-01{margin-top:0px;margin-bottom:0px;}#kt-layout-id_6389cb-01 > .kt-row-column-wrap{padding-top:0px;padding-bottom:0px;padding-left:0px;padding-right:0px;min-height:150px;max-width:1140px;margin-left:auto;margin-right:auto;}<\/style>\n<div class=\"wp-block-kadence-rowlayout alignnone\"><div id=\"kt-layout-id_6389cb-01\" class=\"kt-row-layout-inner kt-layout-id_6389cb-01\"><div class=\"kt-row-column-wrap kt-has-1-columns kt-gutter-default kt-v-gutter-default kt-row-valign-top kt-row-layout-equal kt-tab-layout-inherit kt-m-colapse-left-to-right kt-mobile-layout-row kb-theme-content-width\">\n<div class=\"wp-block-kadence-column inner-column-1 kadence-column_ca5c97-da\"><div class=\"kt-inside-inner-col\"><\/div><\/div>\n<\/div><\/div><\/div>\n<\/div><\/div>\n<\/div><\/div><\/div>\n\n\n\n<div class=\"wp-block-group\"><div class=\"wp-block-group__inner-container is-layout-constrained wp-block-group-is-layout-constrained\"><style id=\"kb-column_89ffa0-94\">.kadence-column_89ffa0-94{max-width:1100px;margin-left:auto;margin-right:auto;}.wp-block-kadence-column>.kt-inside-inner-col>.kadence-column_89ffa0-94{flex:1 1100px;-webkit-flex:1 1100px;}.wp-block-kadence-column.kb-section-dir-horizontal>.kt-inside-inner-col>.kadence-column_89ffa0-94{flex:0 1 1100px;-webkit-flex:0 1 1100px;max-width:unset;margin-left:unset;margin-right:unset;}.kadence-column_89ffa0-94 > .kt-inside-inner-col{padding-bottom:50px;}@media all and (max-width: 1024px){.kadence-column_89ffa0-94, .wp-block-kadence-column.kb-section-md-dir-vertical:not(.kb-section-md-dir-horizontal):not(.kb-section-md-dir-specificity)>.kt-inside-inner-col>.kadence-column_89ffa0-94{max-width:800px;margin-left:auto;margin-right:auto;}.wp-block-kadence-column>.kt-inside-inner-col>.kadence-column_89ffa0-94{flex:1 800px;-webkit-flex:1 800px;}.wp-block-kadence-column.kb-section-md-dir-horizontal>.kt-inside-inner-col>.kadence-column_89ffa0-94, .wp-block-kadence-column.kb-section-dir-horizontal:not(.kb-section-md-dir-vertical) >.kt-inside-inner-col>.kadence-column_89ffa0-94{flex:0 1 800px;-webkit-flex:0 1 800px;max-width:unset;margin-left:unset;margin-right:unset;}.wp-block-kadence-column.kb-section-md-dir-vertical>.kt-inside-inner-col>.kadence-column_89ffa0-94{max-width:800px;margin-left:auto;margin-right:auto;}}@media all and (max-width: 767px){.wp-block-kadence-column.kb-section-sm-dir-vertical:not(.kb-section-sm-dir-horizontal):not(.kb-section-sm-dir-specificity)>.kt-inside-inner-col>.kadence-column_89ffa0-94{max-width:800px;margin-left:auto;margin-right:auto;}}<\/style>\n<div class=\"wp-block-kadence-column inner-column-1 kadence-column_89ffa0-94\"><div class=\"kt-inside-inner-col\"><style id=\"kb-rowlayout_a395f9-c6\">#kt-layout-id_a395f9-c6 > .kt-row-column-wrap{padding-bottom:0px;}<\/style>\n<div class=\"wp-block-kadence-rowlayout alignnone\"><div id=\"kt-layout-id_a395f9-c6\" class=\"kt-row-layout-inner kt-layout-id_a395f9-c6\"><div class=\"kt-row-column-wrap kt-has-1-columns kt-gutter-default kt-v-gutter-default kt-row-valign-top kt-row-layout-equal kt-tab-layout-inherit kt-m-colapse-left-to-right kt-mobile-layout-row\">\n<div class=\"wp-block-kadence-column inner-column-1 kadence-column_daad43-e1\"><div class=\"kt-inside-inner-col\">\n<p class=\"has-text-align-center wp-embed-aspect-16-9 wp-has-aspect-ratio\"><\/p>\n<\/div><\/div>\n<\/div><\/div><\/div>\n\n\n<style id=\"kb-rowlayout_8cd001-a2\">#kt-layout-id_8cd001-a2 > .kt-row-column-wrap{padding-top:0px;padding-bottom:0px;}<\/style>\n<div class=\"wp-block-kadence-rowlayout alignnone\"><div id=\"kt-layout-id_8cd001-a2\" class=\"kt-row-layout-inner kt-layout-id_8cd001-a2\"><div class=\"kt-row-column-wrap kt-has-1-columns kt-gutter-default kt-v-gutter-default kt-row-valign-top kt-row-layout-equal kt-tab-layout-inherit kt-m-colapse-left-to-right kt-mobile-layout-row\">\n<div class=\"wp-block-kadence-column inner-column-1 kadence-column_034eef-93\"><div class=\"kt-inside-inner-col\">\n<figure class=\"wp-block-image size-large\"><img loading=\"lazy\" decoding=\"async\" width=\"1600\" height=\"1128\" src=\"https:\/\/www.ssyub.org.tr\/wp-content\/uploads\/2026\/03\/22-1024x722.jpeg\" alt=\"\" class=\"wp-image-4674\" srcset=\"https:\/\/www.ssyub.org.tr\/wp-content\/uploads\/2026\/03\/22-1024x722.jpeg 1024w, https:\/\/www.ssyub.org.tr\/wp-content\/uploads\/2026\/03\/22-300x212.jpeg 300w, https:\/\/www.ssyub.org.tr\/wp-content\/uploads\/2026\/03\/22-768x541.jpeg 768w, https:\/\/www.ssyub.org.tr\/wp-content\/uploads\/2026\/03\/22-1536x1083.jpeg 1536w, https:\/\/www.ssyub.org.tr\/wp-content\/uploads\/2026\/03\/22.jpeg 1600w\" sizes=\"auto, (max-width: 1600px) 100vw, 1600px\" \/><\/figure>\n<\/div><\/div>\n<\/div><\/div><\/div>\n\n\n<style id=\"kb-rowlayout_d26413-58\">#kt-layout-id_d26413-58 > .kt-row-column-wrap{padding-top:50px;padding-bottom:50px;}<\/style>\n<div class=\"wp-block-kadence-rowlayout alignnone\"><div id=\"kt-layout-id_d26413-58\" class=\"kt-row-layout-inner kt-layout-id_d26413-58\"><div class=\"kt-row-column-wrap kt-has-3-columns kt-gutter-default kt-v-gutter-default kt-row-valign-top kt-row-layout-equal kt-tab-layout-inherit kt-m-colapse-left-to-right kt-mobile-layout-row\">\n<div class=\"wp-block-kadence-column inner-column-1 kadence-column_3d4540-ae\"><div class=\"kt-inside-inner-col\">\n<figure class=\"wp-block-embed is-type-video is-provider-youtube wp-block-embed-youtube wp-embed-aspect-16-9 wp-has-aspect-ratio\"><div class=\"wp-block-embed__wrapper\">\n<iframe loading=\"lazy\" title=\"Kamu Spotu\" width=\"720\" height=\"405\" src=\"https:\/\/www.youtube.com\/embed\/opeGeJbfe_M?feature=oembed\" frameborder=\"0\" allow=\"accelerometer; autoplay; clipboard-write; encrypted-media; gyroscope; picture-in-picture; web-share\" referrerpolicy=\"strict-origin-when-cross-origin\" allowfullscreen><\/iframe>\n<\/div><\/figure>\n<\/div><\/div>\n\n\n\n<div class=\"wp-block-kadence-column inner-column-2 kadence-column_53314d-a4\"><div class=\"kt-inside-inner-col\">\n<figure class=\"wp-block-embed is-type-video is-provider-youtube wp-block-embed-youtube wp-embed-aspect-16-9 wp-has-aspect-ratio\"><div class=\"wp-block-embed__wrapper\">\n<iframe loading=\"lazy\" title=\"Samsun ve Sinop \u0130lleri Su \u00dcr\u00fcnleri Yeti\u015ftiricileri \u00dcretici Birli\u011fi Sunar\" width=\"720\" height=\"405\" src=\"https:\/\/www.youtube.com\/embed\/t2DTTDpmui4?feature=oembed\" frameborder=\"0\" allow=\"accelerometer; autoplay; clipboard-write; encrypted-media; gyroscope; picture-in-picture; web-share\" referrerpolicy=\"strict-origin-when-cross-origin\" allowfullscreen><\/iframe>\n<\/div><\/figure>\n<\/div><\/div>\n\n\n\n<div class=\"wp-block-kadence-column inner-column-3 kadence-column_02d7e2-1b\"><div class=\"kt-inside-inner-col\">\n<figure class=\"wp-block-embed is-type-video is-provider-youtube wp-block-embed-youtube wp-embed-aspect-16-9 wp-has-aspect-ratio\"><div class=\"wp-block-embed__wrapper\">\n<iframe loading=\"lazy\" title=\"SSY\u00dcB SUNUM\" width=\"720\" height=\"405\" src=\"https:\/\/www.youtube.com\/embed\/U-yvg7wtnpA?feature=oembed\" frameborder=\"0\" allow=\"accelerometer; autoplay; clipboard-write; encrypted-media; gyroscope; picture-in-picture; web-share\" referrerpolicy=\"strict-origin-when-cross-origin\" allowfullscreen><\/iframe>\n<\/div><\/figure>\n<\/div><\/div>\n<\/div><\/div><\/div>\n<\/div><\/div>\n<\/div><\/div>\n","protected":false},"excerpt":{"rendered":"","protected":false},"author":1,"featured_media":0,"parent":2769,"menu_order":0,"comment_status":"closed","ping_status":"closed","template":"","meta":{"_eb_attr":"","ub_ctt_via":"","_kad_post_transparent":"","_kad_post_title":"hide","_kad_post_layout":"fullwidth","_kad_post_sidebar_id":"","_kad_post_content_style":"unboxed","_kad_post_vertical_padding":"hide","_kad_post_feature":"hide","_kad_post_feature_position":"","_kad_post_header":false,"_kad_post_footer":false,"footnotes":""},"class_list":["post-1581","page","type-page","status-publish","hentry"],"featured_image_src":null,"uagb_featured_image_src":{"full":false,"thumbnail":false,"medium":false,"medium_large":false,"large":false,"1536x1536":false,"2048x2048":false},"uagb_author_info":{"display_name":"Kaan U\u011fras\u0131z","author_link":"https:\/\/www.ssyub.org.tr\/en\/author\/travego"},"uagb_comment_info":0,"uagb_excerpt":null,"jetpack_sharing_enabled":true,"_links":{"self":[{"href":"https:\/\/www.ssyub.org.tr\/en\/wp-json\/wp\/v2\/pages\/1581","targetHints":{"allow":["GET"]}}],"collection":[{"href":"https:\/\/www.ssyub.org.tr\/en\/wp-json\/wp\/v2\/pages"}],"about":[{"href":"https:\/\/www.ssyub.org.tr\/en\/wp-json\/wp\/v2\/types\/page"}],"author":[{"embeddable":true,"href":"https:\/\/www.ssyub.org.tr\/en\/wp-json\/wp\/v2\/users\/1"}],"replies":[{"embeddable":true,"href":"https:\/\/www.ssyub.org.tr\/en\/wp-json\/wp\/v2\/comments?post=1581"}],"version-history":[{"count":290,"href":"https:\/\/www.ssyub.org.tr\/en\/wp-json\/wp\/v2\/pages\/1581\/revisions"}],"predecessor-version":[{"id":4675,"href":"https:\/\/www.ssyub.org.tr\/en\/wp-json\/wp\/v2\/pages\/1581\/revisions\/4675"}],"up":[{"embeddable":true,"href":"https:\/\/www.ssyub.org.tr\/en\/wp-json\/wp\/v2\/pages\/2769"}],"wp:attachment":[{"href":"https:\/\/www.ssyub.org.tr\/en\/wp-json\/wp\/v2\/media?parent=1581"}],"curies":[{"name":"wp","href":"https:\/\/api.w.org\/{rel}","templated":true}]}}