{"id":2373,"date":"2022-12-01T13:24:41","date_gmt":"2022-12-01T13:24:41","guid":{"rendered":"https:\/\/www.ssyub.org.tr\/?page_id=2373"},"modified":"2022-12-28T10:21:53","modified_gmt":"2022-12-28T10:21:53","slug":"buyuk-alabalik-toplantisi","status":"publish","type":"page","link":"https:\/\/www.ssyub.org.tr\/en\/calistaylar\/buyuk-alabalik-toplantisi","title":{"rendered":"B\u00fcy\u00fck Alabal\u0131k Toplant\u0131s\u0131"},"content":{"rendered":"\n<div class=\"wp-block-kadence-advancedgallery kb-gallery-wrap-id-_4f4903-d7\"><ul class=\"kb-gallery-ul kb-gallery-type-grid kb-gallery-id-_4f4903-d7 kb-gallery-caption-style-bottom-hover kb-gallery-filter-none kb-gallery-magnific-init\" data-item-selector=\".kadence-blocks-gallery-item\" data-image-filter=\"none\" data-lightbox-caption=\"true\" data-columns-xxl=\"3\" data-columns-xl=\"3\" data-columns-lg=\"3\" data-columns-md=\"2\" data-columns-sm=\"1\" data-columns-xs=\"1\"><li class=\"kadence-blocks-gallery-item\"><div class=\"kadence-blocks-gallery-item-inner\"><figure class=\"kb-gallery-figure kb-gallery-item-has-link kadence-blocks-gallery-item-hide-caption kb-has-image-ratio-land32\"><a href=\"https:\/\/www.ssyub.org.tr\/wp-content\/uploads\/2022\/12\/20882812_1272463572882633_7648617964539481447_n-1-1.jpg\" class=\"kb-gallery-item-link\"><div class=\"kb-gal-image-radius\"><div class=\"kb-gallery-image-contain kadence-blocks-gallery-intrinsic kb-gallery-image-ratio-land32\"><img loading=\"lazy\" decoding=\"async\" src=\"https:\/\/www.ssyub.org.tr\/wp-content\/uploads\/2022\/12\/20882812_1272463572882633_7648617964539481447_n-1-1.jpg\" width=\"960\" height=\"720\" alt=\"\" data-full-image=\"https:\/\/www.ssyub.org.tr\/wp-content\/uploads\/2022\/12\/20882812_1272463572882633_7648617964539481447_n-1-1.jpg\" data-light-image=\"https:\/\/www.ssyub.org.tr\/wp-content\/uploads\/2022\/12\/20882812_1272463572882633_7648617964539481447_n-1-1.jpg\" data-id=\"2381\" data-link=\"https:\/\/www.ssyub.org.tr\/calistaylar\/buyuk-alabalik-toplantisi\/20882812_1272463572882633_7648617964539481447_n-1-1\" data-custom-link=\"\" data-custom-link-target=\"\" data-sponsored=\"\" class=\"wp-image-2381\" srcset=\"https:\/\/www.ssyub.org.tr\/wp-content\/uploads\/2022\/12\/20882812_1272463572882633_7648617964539481447_n-1-1.jpg 960w, https:\/\/www.ssyub.org.tr\/wp-content\/uploads\/2022\/12\/20882812_1272463572882633_7648617964539481447_n-1-1-300x225.jpg 300w, https:\/\/www.ssyub.org.tr\/wp-content\/uploads\/2022\/12\/20882812_1272463572882633_7648617964539481447_n-1-1-768x576.jpg 768w\" sizes=\"auto, (max-width: 960px) 100vw, 960px\" \/><\/div><\/div><\/a><\/figure><\/div><\/li><li class=\"kadence-blocks-gallery-item\"><div class=\"kadence-blocks-gallery-item-inner\"><figure class=\"kb-gallery-figure kb-gallery-item-has-link kadence-blocks-gallery-item-hide-caption kb-has-image-ratio-land32\"><a href=\"https:\/\/www.ssyub.org.tr\/wp-content\/uploads\/2022\/12\/1-1.jpg\" class=\"kb-gallery-item-link\"><div class=\"kb-gal-image-radius\"><div class=\"kb-gallery-image-contain kadence-blocks-gallery-intrinsic kb-gallery-image-ratio-land32\"><img loading=\"lazy\" decoding=\"async\" src=\"https:\/\/www.ssyub.org.tr\/wp-content\/uploads\/2022\/12\/1-1.jpg\" width=\"540\" height=\"349\" alt=\"\" data-full-image=\"https:\/\/www.ssyub.org.tr\/wp-content\/uploads\/2022\/12\/1-1.jpg\" data-light-image=\"https:\/\/www.ssyub.org.tr\/wp-content\/uploads\/2022\/12\/1-1.jpg\" data-id=\"3400\" data-link=\"https:\/\/www.ssyub.org.tr\/calistaylar\/buyuk-alabalik-toplantisi\/1-3\" data-custom-link=\"\" data-custom-link-target=\"\" data-sponsored=\"\" class=\"wp-image-3400\" srcset=\"https:\/\/www.ssyub.org.tr\/wp-content\/uploads\/2022\/12\/1-1.jpg 540w, https:\/\/www.ssyub.org.tr\/wp-content\/uploads\/2022\/12\/1-1-300x194.jpg 300w\" sizes=\"auto, (max-width: 540px) 100vw, 540px\" \/><\/div><\/div><\/a><\/figure><\/div><\/li><li class=\"kadence-blocks-gallery-item\"><div class=\"kadence-blocks-gallery-item-inner\"><figure class=\"kb-gallery-figure kb-gallery-item-has-link kadence-blocks-gallery-item-hide-caption kb-has-image-ratio-land32\"><a href=\"https:\/\/www.ssyub.org.tr\/wp-content\/uploads\/2022\/12\/2-2.jpg\" class=\"kb-gallery-item-link\"><div class=\"kb-gal-image-radius\"><div class=\"kb-gallery-image-contain kadence-blocks-gallery-intrinsic kb-gallery-image-ratio-land32\"><img loading=\"lazy\" decoding=\"async\" src=\"https:\/\/www.ssyub.org.tr\/wp-content\/uploads\/2022\/12\/2-2.jpg\" width=\"540\" height=\"349\" alt=\"\" data-full-image=\"https:\/\/www.ssyub.org.tr\/wp-content\/uploads\/2022\/12\/2-2.jpg\" data-light-image=\"https:\/\/www.ssyub.org.tr\/wp-content\/uploads\/2022\/12\/2-2.jpg\" data-id=\"3401\" data-link=\"https:\/\/www.ssyub.org.tr\/calistaylar\/buyuk-alabalik-toplantisi\/2-3\" data-custom-link=\"\" data-custom-link-target=\"\" data-sponsored=\"\" class=\"wp-image-3401\" srcset=\"https:\/\/www.ssyub.org.tr\/wp-content\/uploads\/2022\/12\/2-2.jpg 540w, https:\/\/www.ssyub.org.tr\/wp-content\/uploads\/2022\/12\/2-2-300x194.jpg 300w\" sizes=\"auto, (max-width: 540px) 100vw, 540px\" \/><\/div><\/div><\/a><\/figure><\/div><\/li><li class=\"kadence-blocks-gallery-item\"><div class=\"kadence-blocks-gallery-item-inner\"><figure class=\"kb-gallery-figure kb-gallery-item-has-link kadence-blocks-gallery-item-hide-caption kb-has-image-ratio-land32\"><a href=\"https:\/\/www.ssyub.org.tr\/wp-content\/uploads\/2022\/12\/5.jpg\" class=\"kb-gallery-item-link\"><div class=\"kb-gal-image-radius\"><div class=\"kb-gallery-image-contain kadence-blocks-gallery-intrinsic kb-gallery-image-ratio-land32\"><img loading=\"lazy\" decoding=\"async\" src=\"https:\/\/www.ssyub.org.tr\/wp-content\/uploads\/2022\/12\/5.jpg\" width=\"540\" height=\"349\" alt=\"\" data-full-image=\"https:\/\/www.ssyub.org.tr\/wp-content\/uploads\/2022\/12\/5.jpg\" data-light-image=\"https:\/\/www.ssyub.org.tr\/wp-content\/uploads\/2022\/12\/5.jpg\" data-id=\"3404\" data-link=\"https:\/\/www.ssyub.org.tr\/calistaylar\/buyuk-alabalik-toplantisi\/attachment\/5\" data-custom-link=\"\" data-custom-link-target=\"\" data-sponsored=\"\" class=\"wp-image-3404\" srcset=\"https:\/\/www.ssyub.org.tr\/wp-content\/uploads\/2022\/12\/5.jpg 540w, https:\/\/www.ssyub.org.tr\/wp-content\/uploads\/2022\/12\/5-300x194.jpg 300w\" sizes=\"auto, (max-width: 540px) 100vw, 540px\" \/><\/div><\/div><\/a><\/figure><\/div><\/li><li class=\"kadence-blocks-gallery-item\"><div class=\"kadence-blocks-gallery-item-inner\"><figure class=\"kb-gallery-figure kb-gallery-item-has-link kadence-blocks-gallery-item-hide-caption kb-has-image-ratio-land32\"><a href=\"https:\/\/www.ssyub.org.tr\/wp-content\/uploads\/2022\/12\/3.jpg\" class=\"kb-gallery-item-link\"><div class=\"kb-gal-image-radius\"><div class=\"kb-gallery-image-contain kadence-blocks-gallery-intrinsic kb-gallery-image-ratio-land32\"><img loading=\"lazy\" decoding=\"async\" src=\"https:\/\/www.ssyub.org.tr\/wp-content\/uploads\/2022\/12\/3.jpg\" width=\"540\" height=\"349\" alt=\"\" data-full-image=\"https:\/\/www.ssyub.org.tr\/wp-content\/uploads\/2022\/12\/3.jpg\" data-light-image=\"https:\/\/www.ssyub.org.tr\/wp-content\/uploads\/2022\/12\/3.jpg\" data-id=\"3402\" data-link=\"https:\/\/www.ssyub.org.tr\/calistaylar\/buyuk-alabalik-toplantisi\/attachment\/3\" data-custom-link=\"\" data-custom-link-target=\"\" data-sponsored=\"\" class=\"wp-image-3402\" srcset=\"https:\/\/www.ssyub.org.tr\/wp-content\/uploads\/2022\/12\/3.jpg 540w, https:\/\/www.ssyub.org.tr\/wp-content\/uploads\/2022\/12\/3-300x194.jpg 300w\" sizes=\"auto, (max-width: 540px) 100vw, 540px\" \/><\/div><\/div><\/a><\/figure><\/div><\/li><li class=\"kadence-blocks-gallery-item\"><div class=\"kadence-blocks-gallery-item-inner\"><figure class=\"kb-gallery-figure kb-gallery-item-has-link kadence-blocks-gallery-item-hide-caption kb-has-image-ratio-land32\"><a href=\"https:\/\/www.ssyub.org.tr\/wp-content\/uploads\/2022\/12\/20882023_1272464006215923_7568262050257384994_n.jpg\" class=\"kb-gallery-item-link\"><div class=\"kb-gal-image-radius\"><div class=\"kb-gallery-image-contain kadence-blocks-gallery-intrinsic kb-gallery-image-ratio-land32\"><img loading=\"lazy\" decoding=\"async\" src=\"https:\/\/www.ssyub.org.tr\/wp-content\/uploads\/2022\/12\/20882023_1272464006215923_7568262050257384994_n.jpg\" width=\"720\" height=\"540\" alt=\"\" data-full-image=\"https:\/\/www.ssyub.org.tr\/wp-content\/uploads\/2022\/12\/20882023_1272464006215923_7568262050257384994_n.jpg\" data-light-image=\"https:\/\/www.ssyub.org.tr\/wp-content\/uploads\/2022\/12\/20882023_1272464006215923_7568262050257384994_n.jpg\" data-id=\"2377\" data-link=\"https:\/\/www.ssyub.org.tr\/calistaylar\/buyuk-alabalik-toplantisi\/20882023_1272464006215923_7568262050257384994_n\" data-custom-link=\"\" data-custom-link-target=\"\" data-sponsored=\"\" class=\"wp-image-2377\" srcset=\"https:\/\/www.ssyub.org.tr\/wp-content\/uploads\/2022\/12\/20882023_1272464006215923_7568262050257384994_n.jpg 720w, https:\/\/www.ssyub.org.tr\/wp-content\/uploads\/2022\/12\/20882023_1272464006215923_7568262050257384994_n-300x225.jpg 300w\" sizes=\"auto, (max-width: 720px) 100vw, 720px\" \/><\/div><\/div><\/a><\/figure><\/div><\/li><li class=\"kadence-blocks-gallery-item\"><div class=\"kadence-blocks-gallery-item-inner\"><figure class=\"kb-gallery-figure kb-gallery-item-has-link kadence-blocks-gallery-item-hide-caption kb-has-image-ratio-land32\"><a href=\"https:\/\/www.ssyub.org.tr\/wp-content\/uploads\/2022\/12\/20914709_1272464146215909_6985116374740453664_n.jpg\" class=\"kb-gallery-item-link\"><div class=\"kb-gal-image-radius\"><div class=\"kb-gallery-image-contain kadence-blocks-gallery-intrinsic kb-gallery-image-ratio-land32\"><img loading=\"lazy\" decoding=\"async\" src=\"https:\/\/www.ssyub.org.tr\/wp-content\/uploads\/2022\/12\/20914709_1272464146215909_6985116374740453664_n.jpg\" width=\"960\" height=\"720\" alt=\"\" data-full-image=\"https:\/\/www.ssyub.org.tr\/wp-content\/uploads\/2022\/12\/20914709_1272464146215909_6985116374740453664_n.jpg\" data-light-image=\"https:\/\/www.ssyub.org.tr\/wp-content\/uploads\/2022\/12\/20914709_1272464146215909_6985116374740453664_n.jpg\" data-id=\"2382\" data-link=\"https:\/\/www.ssyub.org.tr\/calistaylar\/buyuk-alabalik-toplantisi\/20914709_1272464146215909_6985116374740453664_n\" data-custom-link=\"\" data-custom-link-target=\"\" data-sponsored=\"\" class=\"wp-image-2382\" srcset=\"https:\/\/www.ssyub.org.tr\/wp-content\/uploads\/2022\/12\/20914709_1272464146215909_6985116374740453664_n.jpg 960w, https:\/\/www.ssyub.org.tr\/wp-content\/uploads\/2022\/12\/20914709_1272464146215909_6985116374740453664_n-300x225.jpg 300w, https:\/\/www.ssyub.org.tr\/wp-content\/uploads\/2022\/12\/20914709_1272464146215909_6985116374740453664_n-768x576.jpg 768w\" sizes=\"auto, (max-width: 960px) 100vw, 960px\" \/><\/div><\/div><\/a><\/figure><\/div><\/li><li class=\"kadence-blocks-gallery-item\"><div class=\"kadence-blocks-gallery-item-inner\"><figure class=\"kb-gallery-figure kb-gallery-item-has-link kadence-blocks-gallery-item-hide-caption kb-has-image-ratio-land32\"><a href=\"https:\/\/www.ssyub.org.tr\/wp-content\/uploads\/2022\/12\/20915255_1272463792882611_169064077762420195_n.jpg\" class=\"kb-gallery-item-link\"><div class=\"kb-gal-image-radius\"><div class=\"kb-gallery-image-contain kadence-blocks-gallery-intrinsic kb-gallery-image-ratio-land32\"><img loading=\"lazy\" decoding=\"async\" src=\"https:\/\/www.ssyub.org.tr\/wp-content\/uploads\/2022\/12\/20915255_1272463792882611_169064077762420195_n.jpg\" width=\"960\" height=\"720\" alt=\"\" data-full-image=\"https:\/\/www.ssyub.org.tr\/wp-content\/uploads\/2022\/12\/20915255_1272463792882611_169064077762420195_n.jpg\" data-light-image=\"https:\/\/www.ssyub.org.tr\/wp-content\/uploads\/2022\/12\/20915255_1272463792882611_169064077762420195_n.jpg\" data-id=\"2379\" data-link=\"https:\/\/www.ssyub.org.tr\/calistaylar\/buyuk-alabalik-toplantisi\/20915255_1272463792882611_169064077762420195_n\" data-custom-link=\"\" data-custom-link-target=\"\" data-sponsored=\"\" class=\"wp-image-2379\" srcset=\"https:\/\/www.ssyub.org.tr\/wp-content\/uploads\/2022\/12\/20915255_1272463792882611_169064077762420195_n.jpg 960w, https:\/\/www.ssyub.org.tr\/wp-content\/uploads\/2022\/12\/20915255_1272463792882611_169064077762420195_n-300x225.jpg 300w, https:\/\/www.ssyub.org.tr\/wp-content\/uploads\/2022\/12\/20915255_1272463792882611_169064077762420195_n-768x576.jpg 768w\" sizes=\"auto, (max-width: 960px) 100vw, 960px\" \/><\/div><\/div><\/a><\/figure><\/div><\/li><li class=\"kadence-blocks-gallery-item\"><div class=\"kadence-blocks-gallery-item-inner\"><figure class=\"kb-gallery-figure kb-gallery-item-has-link kadence-blocks-gallery-item-hide-caption kb-has-image-ratio-land32\"><a href=\"https:\/\/www.ssyub.org.tr\/wp-content\/uploads\/2022\/12\/20881991_1272464462882544_4528016359267865375_n.jpg\" class=\"kb-gallery-item-link\"><div class=\"kb-gal-image-radius\"><div class=\"kb-gallery-image-contain kadence-blocks-gallery-intrinsic kb-gallery-image-ratio-land32\"><img loading=\"lazy\" decoding=\"async\" src=\"https:\/\/www.ssyub.org.tr\/wp-content\/uploads\/2022\/12\/20881991_1272464462882544_4528016359267865375_n.jpg\" width=\"720\" height=\"540\" alt=\"\" data-full-image=\"https:\/\/www.ssyub.org.tr\/wp-content\/uploads\/2022\/12\/20881991_1272464462882544_4528016359267865375_n.jpg\" data-light-image=\"https:\/\/www.ssyub.org.tr\/wp-content\/uploads\/2022\/12\/20881991_1272464462882544_4528016359267865375_n.jpg\" data-id=\"2885\" data-link=\"https:\/\/www.ssyub.org.tr\/calistaylar\/buyuk-alabalik-toplantisi\/20881991_1272464462882544_4528016359267865375_n\" data-custom-link=\"\" data-custom-link-target=\"\" data-sponsored=\"\" class=\"wp-image-2885\" srcset=\"https:\/\/www.ssyub.org.tr\/wp-content\/uploads\/2022\/12\/20881991_1272464462882544_4528016359267865375_n.jpg 720w, https:\/\/www.ssyub.org.tr\/wp-content\/uploads\/2022\/12\/20881991_1272464462882544_4528016359267865375_n-300x225.jpg 300w\" sizes=\"auto, (max-width: 720px) 100vw, 720px\" \/><\/div><\/div><\/a><\/figure><\/div><\/li><li class=\"kadence-blocks-gallery-item\"><div class=\"kadence-blocks-gallery-item-inner\"><figure class=\"kb-gallery-figure kb-gallery-item-has-link kadence-blocks-gallery-item-hide-caption kb-has-image-ratio-land32\"><a href=\"https:\/\/www.ssyub.org.tr\/wp-content\/uploads\/2022\/12\/4-1.jpg\" class=\"kb-gallery-item-link\"><div class=\"kb-gal-image-radius\"><div class=\"kb-gallery-image-contain kadence-blocks-gallery-intrinsic kb-gallery-image-ratio-land32\"><img loading=\"lazy\" decoding=\"async\" src=\"https:\/\/www.ssyub.org.tr\/wp-content\/uploads\/2022\/12\/4-1.jpg\" width=\"540\" height=\"349\" alt=\"\" data-full-image=\"https:\/\/www.ssyub.org.tr\/wp-content\/uploads\/2022\/12\/4-1.jpg\" data-light-image=\"https:\/\/www.ssyub.org.tr\/wp-content\/uploads\/2022\/12\/4-1.jpg\" data-id=\"3403\" data-link=\"https:\/\/www.ssyub.org.tr\/calistaylar\/buyuk-alabalik-toplantisi\/4-2\" data-custom-link=\"\" data-custom-link-target=\"\" data-sponsored=\"\" class=\"wp-image-3403\" srcset=\"https:\/\/www.ssyub.org.tr\/wp-content\/uploads\/2022\/12\/4-1.jpg 540w, https:\/\/www.ssyub.org.tr\/wp-content\/uploads\/2022\/12\/4-1-300x194.jpg 300w\" sizes=\"auto, (max-width: 540px) 100vw, 540px\" \/><\/div><\/div><\/a><\/figure><\/div><\/li><\/ul><\/div>\n","protected":false},"excerpt":{"rendered":"","protected":false},"author":2,"featured_media":0,"parent":738,"menu_order":1,"comment_status":"closed","ping_status":"closed","template":"","meta":{"_eb_attr":"","ub_ctt_via":"","_kad_post_transparent":"","_kad_post_title":"","_kad_post_layout":"","_kad_post_sidebar_id":"","_kad_post_content_style":"","_kad_post_vertical_padding":"","_kad_post_feature":"","_kad_post_feature_position":"","_kad_post_header":false,"_kad_post_footer":false,"footnotes":""},"class_list":["post-2373","page","type-page","status-publish","hentry"],"featured_image_src":null,"uagb_featured_image_src":{"full":false,"thumbnail":false,"medium":false,"medium_large":false,"large":false,"1536x1536":false,"2048x2048":false},"uagb_author_info":{"display_name":"SSYUB","author_link":"https:\/\/www.ssyub.org.tr\/en\/author\/ssyub-admin"},"uagb_comment_info":0,"uagb_excerpt":null,"jetpack_sharing_enabled":true,"_links":{"self":[{"href":"https:\/\/www.ssyub.org.tr\/en\/wp-json\/wp\/v2\/pages\/2373","targetHints":{"allow":["GET"]}}],"collection":[{"href":"https:\/\/www.ssyub.org.tr\/en\/wp-json\/wp\/v2\/pages"}],"about":[{"href":"https:\/\/www.ssyub.org.tr\/en\/wp-json\/wp\/v2\/types\/page"}],"author":[{"embeddable":true,"href":"https:\/\/www.ssyub.org.tr\/en\/wp-json\/wp\/v2\/users\/2"}],"replies":[{"embeddable":true,"href":"https:\/\/www.ssyub.org.tr\/en\/wp-json\/wp\/v2\/comments?post=2373"}],"version-history":[{"count":6,"href":"https:\/\/www.ssyub.org.tr\/en\/wp-json\/wp\/v2\/pages\/2373\/revisions"}],"predecessor-version":[{"id":3449,"href":"https:\/\/www.ssyub.org.tr\/en\/wp-json\/wp\/v2\/pages\/2373\/revisions\/3449"}],"up":[{"embeddable":true,"href":"https:\/\/www.ssyub.org.tr\/en\/wp-json\/wp\/v2\/pages\/738"}],"wp:attachment":[{"href":"https:\/\/www.ssyub.org.tr\/en\/wp-json\/wp\/v2\/media?parent=2373"}],"curies":[{"name":"wp","href":"https:\/\/api.w.org\/{rel}","templated":true}]}}