{"id":2535,"date":"2017-08-19T13:23:00","date_gmt":"2017-08-19T13:23:00","guid":{"rendered":"https:\/\/www.ssyub.org.tr\/?page_id=2535"},"modified":"2022-12-13T07:02:34","modified_gmt":"2022-12-13T07:02:34","slug":"turkiyenin-kurtulusunda-samsun-nasil-bir-isik-olduysa-balikcilik-konusunda-da-samsun-butun-sektore-rehber-ve-isik-olacaktir","status":"publish","type":"page","link":"https:\/\/www.ssyub.org.tr\/en\/news\/turkiyenin-kurtulusunda-samsun-nasil-bir-isik-olduysa-balikcilik-konusunda-da-samsun-butun-sektore-rehber-ve-isik-olacaktir","title":{"rendered":"<strong>&#8216;T\u00dcRK\u0130YE\u2019N\u0130N KURTULU\u015eUNDA SAMSUN NASIL B\u0130R I\u015eIK OLDUYSA, BALIK\u00c7ILIK KONUSUNDA DA SAMSUN B\u00dcT\u00dcN SEKT\u00d6RE REHBER VE I\u015eIK OLACAKTIR&#8217;<\/strong>"},"content":{"rendered":"\n<p><a href=\"http:\/\/www.samsun.gov.tr\/turkiyenin-kurtulusunda-samsun-nasil-bir-isik-olduysa-balikcilik-konusunda-da-samsun-butun-sektore-rehber-ve-isik-olacaktir\" data-type=\"URL\" data-id=\"http:\/\/www.samsun.gov.tr\/turkiyenin-kurtulusunda-samsun-nasil-bir-isik-olduysa-balikcilik-konusunda-da-samsun-butun-sektore-rehber-ve-isik-olacaktir\">http:\/\/www.samsun.gov.tr\/turkiyenin-kurtulusunda-samsun-nasil-bir-isik-olduysa-balikcilik-konusunda-da-samsun-butun-sektore-rehber-ve-isik-olacaktir<\/a><\/p>\n","protected":false},"excerpt":{"rendered":"<p>http:\/\/www.samsun.gov.tr\/turkiyenin-kurtulusunda-samsun-nasil-bir-isik-olduysa-balikcilik-konusunda-da-samsun-butun-sektore-rehber-ve-isik-olacaktir<\/p>\n","protected":false},"author":2,"featured_media":2536,"parent":1072,"menu_order":0,"comment_status":"closed","ping_status":"closed","template":"","meta":{"_eb_attr":"","ub_ctt_via":"","_kad_post_transparent":"","_kad_post_title":"","_kad_post_layout":"","_kad_post_sidebar_id":"","_kad_post_content_style":"","_kad_post_vertical_padding":"","_kad_post_feature":"","_kad_post_feature_position":"","_kad_post_header":false,"_kad_post_footer":false,"footnotes":""},"class_list":["post-2535","page","type-page","status-publish","has-post-thumbnail","hentry"],"featured_image_src":"https:\/\/www.ssyub.org.tr\/wp-content\/uploads\/2022\/12\/Ekran-goruntusu-2022-12-05-163106.jpg","uagb_featured_image_src":{"full":["https:\/\/www.ssyub.org.tr\/wp-content\/uploads\/2022\/12\/Ekran-goruntusu-2022-12-05-163106.jpg",837,558,false],"thumbnail":["https:\/\/www.ssyub.org.tr\/wp-content\/uploads\/2022\/12\/Ekran-goruntusu-2022-12-05-163106-150x150.jpg",150,150,true],"medium":["https:\/\/www.ssyub.org.tr\/wp-content\/uploads\/2022\/12\/Ekran-goruntusu-2022-12-05-163106-300x200.jpg",300,200,true],"medium_large":["https:\/\/www.ssyub.org.tr\/wp-content\/uploads\/2022\/12\/Ekran-goruntusu-2022-12-05-163106-768x512.jpg",768,512,true],"large":["https:\/\/www.ssyub.org.tr\/wp-content\/uploads\/2022\/12\/Ekran-goruntusu-2022-12-05-163106.jpg",837,558,false],"1536x1536":["https:\/\/www.ssyub.org.tr\/wp-content\/uploads\/2022\/12\/Ekran-goruntusu-2022-12-05-163106.jpg",837,558,false],"2048x2048":["https:\/\/www.ssyub.org.tr\/wp-content\/uploads\/2022\/12\/Ekran-goruntusu-2022-12-05-163106.jpg",837,558,false]},"uagb_author_info":{"display_name":"SSYUB","author_link":"https:\/\/www.ssyub.org.tr\/en\/author\/ssyub-admin"},"uagb_comment_info":0,"uagb_excerpt":"http:\/\/www.samsun.gov.tr\/turkiyenin-kurtulusunda-samsun-nasil-bir-isik-olduysa-balikcilik-konusunda-da-samsun-butun-sektore-rehber-ve-isik-olacaktir","jetpack_sharing_enabled":true,"_links":{"self":[{"href":"https:\/\/www.ssyub.org.tr\/en\/wp-json\/wp\/v2\/pages\/2535","targetHints":{"allow":["GET"]}}],"collection":[{"href":"https:\/\/www.ssyub.org.tr\/en\/wp-json\/wp\/v2\/pages"}],"about":[{"href":"https:\/\/www.ssyub.org.tr\/en\/wp-json\/wp\/v2\/types\/page"}],"author":[{"embeddable":true,"href":"https:\/\/www.ssyub.org.tr\/en\/wp-json\/wp\/v2\/users\/2"}],"replies":[{"embeddable":true,"href":"https:\/\/www.ssyub.org.tr\/en\/wp-json\/wp\/v2\/comments?post=2535"}],"version-history":[{"count":1,"href":"https:\/\/www.ssyub.org.tr\/en\/wp-json\/wp\/v2\/pages\/2535\/revisions"}],"predecessor-version":[{"id":2537,"href":"https:\/\/www.ssyub.org.tr\/en\/wp-json\/wp\/v2\/pages\/2535\/revisions\/2537"}],"up":[{"embeddable":true,"href":"https:\/\/www.ssyub.org.tr\/en\/wp-json\/wp\/v2\/pages\/1072"}],"wp:featuredmedia":[{"embeddable":true,"href":"https:\/\/www.ssyub.org.tr\/en\/wp-json\/wp\/v2\/media\/2536"}],"wp:attachment":[{"href":"https:\/\/www.ssyub.org.tr\/en\/wp-json\/wp\/v2\/media?parent=2535"}],"curies":[{"name":"wp","href":"https:\/\/api.w.org\/{rel}","templated":true}]}}