{"id":4294,"date":"2021-01-16T09:15:22","date_gmt":"2021-01-16T09:15:22","guid":{"rendered":"https:\/\/www.ssyub.org.tr\/?page_id=4294"},"modified":"2026-03-18T08:02:00","modified_gmt":"2026-03-18T08:02:00","slug":"4294-2","status":"publish","type":"page","link":"https:\/\/www.ssyub.org.tr\/en\/calistaylar\/4294-2","title":{"rendered":"9. Su \u00dcr\u00fcnleri Yeti\u015ftiricili\u011fi \u00c7al\u0131\u015ftay\u0131, 14 \u2013 17 \u015eubat 2024"},"content":{"rendered":"\n<p>De\u011ferli Kat\u0131l\u0131mc\u0131lar,<\/p>\n\n\n\n<p>9. Su \u00dcr\u00fcnleri Yeti\u015ftiricili\u011fi \u00c7al\u0131\u015ftay\u0131,&nbsp;<strong>14 \u2013 17 \u015eubat 2024<\/strong>&nbsp;tarihinde&nbsp;<strong>Antalya Sueno Deluxe Belek Otel<\/strong>de ger\u00e7ekle\u015fti.<\/p>\n\n\n\n<p>\u00c7al\u0131\u015ftayla ilgili detayl\u0131 bilgi, foto\u011fraflar ve sunumlar bu sayfada online edilmi\u015ftir.<\/p>\n\n\n\n<h3 class=\"wp-block-heading\">Sunumlar<\/h3>\n\n\n\n<p><strong>9. Su \u00dcr\u00fcnleri Yeti\u015ftiricili\u011fi \u00c7al\u0131\u015ftay\u0131<\/strong>&nbsp;dahilinde yap\u0131lan sunumlar, kat\u0131l\u0131mc\u0131lar\u0131n vermi\u015f olduklar\u0131 izin do\u011frultusunda a\u015fa\u011f\u0131da indirmeye sunulmu\u015ftur.<\/p>\n\n\n\n<div data-wp-interactive=\"core\/file\" class=\"wp-block-file\"><object data-wp-bind--hidden=\"!state.hasPdfPreview\" hidden class=\"wp-block-file__embed\" data=\"https:\/\/www.ssyub.org.tr\/wp-content\/uploads\/2026\/03\/2.pdf\" type=\"application\/pdf\" style=\"width:100%;height:600px\" aria-label=\"Embed of 2.\"><\/object><a id=\"wp-block-file--media-8ea235ba-88a2-4ea6-8d85-ed580a1f5da7\" href=\"https:\/\/www.ssyub.org.tr\/wp-content\/uploads\/2026\/03\/2.pdf\">2<\/a><a href=\"https:\/\/www.ssyub.org.tr\/wp-content\/uploads\/2026\/03\/2.pdf\" class=\"wp-block-file__button wp-element-button\" download aria-describedby=\"wp-block-file--media-8ea235ba-88a2-4ea6-8d85-ed580a1f5da7\">\u0130ndir<\/a><\/div>\n\n\n\n<figure class=\"wp-block-embed is-type-wp-embed is-provider-suymerbi-r wp-block-embed-suymerbi-r\"><div class=\"wp-block-embed__wrapper\">\n<blockquote class=\"wp-embedded-content\" data-secret=\"EZ3CNnwMoz\"><a href=\"https:\/\/www.suymerbir.org.tr\/calistaylar\/9-su-urunleri-yetistiriciligi-calistayi\">9. Su \u00dcr\u00fcnleri Yeti\u015ftiricili\u011fi \u00c7al\u0131\u015ftay\u0131<\/a><\/blockquote><iframe loading=\"lazy\" class=\"wp-embedded-content\" sandbox=\"allow-scripts\" security=\"restricted\" style=\"position: absolute; visibility: hidden;\" title=\"&#8220;9. Su \u00dcr\u00fcnleri Yeti\u015ftiricili\u011fi \u00c7al\u0131\u015ftay\u0131&#8221; &#8212; SUYMERB\u0130R\" src=\"https:\/\/www.suymerbir.org.tr\/calistaylar\/9-su-urunleri-yetistiriciligi-calistayi\/embed#?secret=zcNHRJvE8K#?secret=EZ3CNnwMoz\" data-secret=\"EZ3CNnwMoz\" width=\"600\" height=\"338\" frameborder=\"0\" marginwidth=\"0\" marginheight=\"0\" scrolling=\"no\"><\/iframe>\n<\/div><\/figure>\n","protected":false},"excerpt":{"rendered":"<p>De\u011ferli Kat\u0131l\u0131mc\u0131lar, 9. Su \u00dcr\u00fcnleri Yeti\u015ftiricili\u011fi \u00c7al\u0131\u015ftay\u0131,&nbsp;14 \u2013 17 \u015eubat 2024&nbsp;tarihinde&nbsp;Antalya Sueno Deluxe Belek Otelde ger\u00e7ekle\u015fti. \u00c7al\u0131\u015ftayla ilgili detayl\u0131 bilgi, foto\u011fraflar ve sunumlar bu sayfada online edilmi\u015ftir. Sunumlar 9. Su \u00dcr\u00fcnleri Yeti\u015ftiricili\u011fi \u00c7al\u0131\u015ftay\u0131&nbsp;dahilinde yap\u0131lan sunumlar, kat\u0131l\u0131mc\u0131lar\u0131n vermi\u015f olduklar\u0131 izin do\u011frultusunda a\u015fa\u011f\u0131da indirmeye sunulmu\u015ftur.<\/p>\n","protected":false},"author":2,"featured_media":0,"parent":738,"menu_order":0,"comment_status":"closed","ping_status":"closed","template":"","meta":{"_eb_attr":"","ub_ctt_via":"","_kad_post_transparent":"","_kad_post_title":"","_kad_post_layout":"","_kad_post_sidebar_id":"","_kad_post_content_style":"","_kad_post_vertical_padding":"","_kad_post_feature":"","_kad_post_feature_position":"","_kad_post_header":false,"_kad_post_footer":false,"footnotes":""},"class_list":["post-4294","page","type-page","status-publish","hentry"],"featured_image_src":null,"uagb_featured_image_src":{"full":false,"thumbnail":false,"medium":false,"medium_large":false,"large":false,"1536x1536":false,"2048x2048":false},"uagb_author_info":{"display_name":"SSYUB","author_link":"https:\/\/www.ssyub.org.tr\/en\/author\/ssyub-admin"},"uagb_comment_info":0,"uagb_excerpt":"De\u011ferli Kat\u0131l\u0131mc\u0131lar, 9. Su \u00dcr\u00fcnleri Yeti\u015ftiricili\u011fi \u00c7al\u0131\u015ftay\u0131,&nbsp;14 \u2013 17 \u015eubat 2024&nbsp;tarihinde&nbsp;Antalya Sueno Deluxe Belek Otelde ger\u00e7ekle\u015fti. \u00c7al\u0131\u015ftayla ilgili detayl\u0131 bilgi, foto\u011fraflar ve sunumlar bu sayfada online edilmi\u015ftir. Sunumlar 9. Su \u00dcr\u00fcnleri Yeti\u015ftiricili\u011fi \u00c7al\u0131\u015ftay\u0131&nbsp;dahilinde yap\u0131lan sunumlar, kat\u0131l\u0131mc\u0131lar\u0131n vermi\u015f olduklar\u0131 izin do\u011frultusunda a\u015fa\u011f\u0131da indirmeye sunulmu\u015ftur.","jetpack_sharing_enabled":true,"_links":{"self":[{"href":"https:\/\/www.ssyub.org.tr\/en\/wp-json\/wp\/v2\/pages\/4294","targetHints":{"allow":["GET"]}}],"collection":[{"href":"https:\/\/www.ssyub.org.tr\/en\/wp-json\/wp\/v2\/pages"}],"about":[{"href":"https:\/\/www.ssyub.org.tr\/en\/wp-json\/wp\/v2\/types\/page"}],"author":[{"embeddable":true,"href":"https:\/\/www.ssyub.org.tr\/en\/wp-json\/wp\/v2\/users\/2"}],"replies":[{"embeddable":true,"href":"https:\/\/www.ssyub.org.tr\/en\/wp-json\/wp\/v2\/comments?post=4294"}],"version-history":[{"count":3,"href":"https:\/\/www.ssyub.org.tr\/en\/wp-json\/wp\/v2\/pages\/4294\/revisions"}],"predecessor-version":[{"id":4664,"href":"https:\/\/www.ssyub.org.tr\/en\/wp-json\/wp\/v2\/pages\/4294\/revisions\/4664"}],"up":[{"embeddable":true,"href":"https:\/\/www.ssyub.org.tr\/en\/wp-json\/wp\/v2\/pages\/738"}],"wp:attachment":[{"href":"https:\/\/www.ssyub.org.tr\/en\/wp-json\/wp\/v2\/media?parent=4294"}],"curies":[{"name":"wp","href":"https:\/\/api.w.org\/{rel}","templated":true}]}}