{"id":4388,"date":"2024-10-23T08:38:01","date_gmt":"2024-10-23T08:38:01","guid":{"rendered":"https:\/\/www.ssyub.org.tr\/?page_id=4388"},"modified":"2024-12-10T08:39:31","modified_gmt":"2024-12-10T08:39:31","slug":"4388-2","status":"publish","type":"page","link":"https:\/\/www.ssyub.org.tr\/en\/4388-2","title":{"rendered":"Merkez birli\u011fi ba\u015fkan\u0131m\u0131z ve y\u00f6netim kurulumuz ile birlikte Bal\u0131k\u00e7\u0131l\u0131k Ve Su \u00dcr\u00fcnleri Genel M\u00fcd\u00fcrl\u00fc\u011f\u00fc Say\u0131n Turgay T\u00fcrky\u0131lmaz\u2019\u0131 ziyaret ettik."},"content":{"rendered":"\n<p>Merkez birli\u011fi ba\u015fkan\u0131m\u0131z ve y\u00f6netim kurulumuz ile birlikte Bal\u0131k\u00e7\u0131l\u0131k Ve Su \u00dcr\u00fcnleri Genel M\u00fcd\u00fcrl\u00fc\u011f\u00fc Say\u0131n Turgay T\u00fcrky\u0131lmaz\u2019\u0131 ziyaret ettik<\/p>\n\n\n\n<figure class=\"wp-block-image size-full\"><img loading=\"lazy\" decoding=\"async\" width=\"720\" height=\"540\" src=\"https:\/\/www.ssyub.org.tr\/wp-content\/uploads\/2024\/12\/1-1.jpg\" alt=\"\" class=\"wp-image-4389\" srcset=\"https:\/\/www.ssyub.org.tr\/wp-content\/uploads\/2024\/12\/1-1.jpg 720w, https:\/\/www.ssyub.org.tr\/wp-content\/uploads\/2024\/12\/1-1-300x225.jpg 300w\" sizes=\"auto, (max-width: 720px) 100vw, 720px\" \/><\/figure>\n","protected":false},"excerpt":{"rendered":"<p>Merkez birli\u011fi ba\u015fkan\u0131m\u0131z ve y\u00f6netim kurulumuz ile birlikte Bal\u0131k\u00e7\u0131l\u0131k Ve Su \u00dcr\u00fcnleri Genel M\u00fcd\u00fcrl\u00fc\u011f\u00fc Say\u0131n Turgay T\u00fcrky\u0131lmaz\u2019\u0131 ziyaret ettik<\/p>\n","protected":false},"author":2,"featured_media":4389,"parent":0,"menu_order":0,"comment_status":"closed","ping_status":"closed","template":"","meta":{"_eb_attr":"","ub_ctt_via":"","_kad_post_transparent":"","_kad_post_title":"","_kad_post_layout":"","_kad_post_sidebar_id":"","_kad_post_content_style":"","_kad_post_vertical_padding":"","_kad_post_feature":"","_kad_post_feature_position":"","_kad_post_header":false,"_kad_post_footer":false,"footnotes":""},"class_list":["post-4388","page","type-page","status-publish","has-post-thumbnail","hentry"],"featured_image_src":"https:\/\/www.ssyub.org.tr\/wp-content\/uploads\/2024\/12\/1-1.jpg","uagb_featured_image_src":{"full":["https:\/\/www.ssyub.org.tr\/wp-content\/uploads\/2024\/12\/1-1.jpg",720,540,false],"thumbnail":["https:\/\/www.ssyub.org.tr\/wp-content\/uploads\/2024\/12\/1-1-150x150.jpg",150,150,true],"medium":["https:\/\/www.ssyub.org.tr\/wp-content\/uploads\/2024\/12\/1-1-300x225.jpg",300,225,true],"medium_large":["https:\/\/www.ssyub.org.tr\/wp-content\/uploads\/2024\/12\/1-1.jpg",720,540,false],"large":["https:\/\/www.ssyub.org.tr\/wp-content\/uploads\/2024\/12\/1-1.jpg",720,540,false],"1536x1536":["https:\/\/www.ssyub.org.tr\/wp-content\/uploads\/2024\/12\/1-1.jpg",720,540,false],"2048x2048":["https:\/\/www.ssyub.org.tr\/wp-content\/uploads\/2024\/12\/1-1.jpg",720,540,false]},"uagb_author_info":{"display_name":"SSYUB","author_link":"https:\/\/www.ssyub.org.tr\/en\/author\/ssyub-admin"},"uagb_comment_info":0,"uagb_excerpt":"Merkez birli\u011fi ba\u015fkan\u0131m\u0131z ve y\u00f6netim kurulumuz ile birlikte Bal\u0131k\u00e7\u0131l\u0131k Ve Su \u00dcr\u00fcnleri Genel M\u00fcd\u00fcrl\u00fc\u011f\u00fc Say\u0131n Turgay T\u00fcrky\u0131lmaz\u2019\u0131 ziyaret ettik","jetpack_sharing_enabled":true,"_links":{"self":[{"href":"https:\/\/www.ssyub.org.tr\/en\/wp-json\/wp\/v2\/pages\/4388","targetHints":{"allow":["GET"]}}],"collection":[{"href":"https:\/\/www.ssyub.org.tr\/en\/wp-json\/wp\/v2\/pages"}],"about":[{"href":"https:\/\/www.ssyub.org.tr\/en\/wp-json\/wp\/v2\/types\/page"}],"author":[{"embeddable":true,"href":"https:\/\/www.ssyub.org.tr\/en\/wp-json\/wp\/v2\/users\/2"}],"replies":[{"embeddable":true,"href":"https:\/\/www.ssyub.org.tr\/en\/wp-json\/wp\/v2\/comments?post=4388"}],"version-history":[{"count":2,"href":"https:\/\/www.ssyub.org.tr\/en\/wp-json\/wp\/v2\/pages\/4388\/revisions"}],"predecessor-version":[{"id":4391,"href":"https:\/\/www.ssyub.org.tr\/en\/wp-json\/wp\/v2\/pages\/4388\/revisions\/4391"}],"wp:featuredmedia":[{"embeddable":true,"href":"https:\/\/www.ssyub.org.tr\/en\/wp-json\/wp\/v2\/media\/4389"}],"wp:attachment":[{"href":"https:\/\/www.ssyub.org.tr\/en\/wp-json\/wp\/v2\/media?parent=4388"}],"curies":[{"name":"wp","href":"https:\/\/api.w.org\/{rel}","templated":true}]}}